{"id":2,"date":"2021-11-30T15:21:07","date_gmt":"2021-11-30T14:21:07","guid":{"rendered":"http:\/\/geotekton.com\/?page_id=2"},"modified":"2025-01-21T01:45:31","modified_gmt":"2025-01-21T00:45:31","slug":"przykladowa-strona","status":"publish","type":"page","link":"https:\/\/geotekton.com\/?page_id=2","title":{"rendered":"Czym si\u0119 zajmujemy"},"content":{"rendered":"\n<p><\/p>\n\n\n\n<p>Szanowni Pa\u0144stwo,<\/p>\n\n\n\n<p>Nasza firma, dzia\u0142aj\u0105ca pr\u0119\u017cnie na rynku od 2015 roku, specjalizuje si\u0119 w projektowaniu i konstruowaniu maszyn oraz urz\u0105dze\u0144. Od ponad dekady \u015bwiadczymy kompleksowe us\u0142ugi obejmuj\u0105ce:<\/p>\n\n\n\n<ul class=\"wp-block-list\">\n<li>Projektowanie i konstruowanie maszyn oraz urz\u0105dze\u0144 zgodnie z indywidualnymi wymaganiami klienta,<\/li>\n\n\n\n<li>Tworzenie dokumentacji technicznej w formatach 2D i 3D,<\/li>\n\n\n\n<li>Nadz\u00f3r nad procesem produkcji zaprojektowanych rozwi\u0105za\u0144,<\/li>\n\n\n\n<li>Weryfikacj\u0119 poprawno\u015bci projekt\u00f3w przed wdro\u017ceniem ich do produkcji.<\/li>\n\n\n\n<li>Dzi\u0119ki wieloletniemu do\u015bwiadczeniu oraz zaawansowanej znajomo\u015bci narz\u0119dzi do projektowania oraz konstruowania, realizujemy projekty o r\u00f3\u017cnej skali i stopniu skomplikowania. Specjalizujemy si\u0119 w projektowaniu maszyn przemys\u0142u lekkiego, ci\u0119\u017ckiego oraz urz\u0105dze\u0144 ze stali nierdzewnej dla bran\u017cy spo\u017cywczej, m.in. drzwi i kom\u00f3r nierdzewnych ch\u0142odniczych i mro\u017aniczych.<\/li>\n<\/ul>\n\n\n\n<p>W naszym portfolio znajduj\u0105 si\u0119 szerokie grupy produkt\u00f3w i rozwi\u0105za\u0144 bran\u017cowych, w tym:<\/p>\n\n\n\n<ul class=\"wp-block-list\">\n<li>Zaawansowane systemy transportu materia\u0142\u00f3w, takie jak przeno\u015bniki ta\u015bmowe i \u0142a\u0144cuchowe,<\/li>\n\n\n\n<li>Urz\u0105dzenia do obr\u00f3bki i przetwarzania, w tym krajalnice i maszyny do perforacji blach,<\/li>\n\n\n\n<li>Konstrukcje modu\u0142owe i ch\u0142odnicze, w tym naczepy, komory ch\u0142odnicze i mro\u017anicze oraz drzwi nierdzewne,<\/li>\n\n\n\n<li>Elementy infrastruktury technicznej, takie jak balustrady, barierki i stanowiska testowe do badania szczelno\u015bci,<\/li>\n\n\n\n<li>Wyposa\u017cenie przemys\u0142owe i gastronomiczne ze stali nierdzewnej, w tym meble kuchenne i czyszczarki dla przeno\u015bnik\u00f3w,<\/li>\n\n\n\n<li>Linie technologiczne oraz systemy intralogistyczne,<\/li>\n\n\n\n<li>Maszyny i urz\u0105dzenia do \u0107wicze\u0144, w tym atlasy, klatki treningowe do d\u017awigania ci\u0119\u017car\u00f3w oraz urz\u0105dzenia plenerowe,<\/li>\n\n\n\n<li>Konstrukcje dla plac\u00f3w zabaw i rozrywki.<\/li>\n<\/ul>\n\n\n\n<p>Ka\u017cdy projekt traktujemy indywidualnie, dostosowuj\u0105c rozwi\u0105zania do specyficznych potrzeb naszych klient\u00f3w. Nasza elastyczno\u015b\u0107 pozwala nie tylko na realizacj\u0119 powy\u017cszych typ\u00f3w urz\u0105dze\u0144, ale tak\u017ce innych maszyn i konstrukcji mechanicznych na \u017cyczenie.<\/p>\n\n\n\n<p>Zapraszam do wsp\u00f3\u0142pracy zar\u00f3wno firmy, jak i osoby prywatne. Posiadam w\u0142asny sprz\u0119t oraz oprogramowanie, dzi\u0119ki czemu mog\u0119 zaoferowa\u0107 pa\u0144stwu us\u0142ugi na najwy\u017cszym poziomie. Wystawiam faktury VAT.<\/p>\n\n\n\n<p>Je\u015bli s\u0105 Pa\u0144stwo zainteresowani szczeg\u00f3\u0142ami oferty, prosz\u0119 o kontakt. Z przyjemno\u015bci\u0105 odpowiem na pytania i przygotuj\u0119 dedykowan\u0105 propozycj\u0119 wsp\u00f3\u0142pracy.<\/p>\n","protected":false},"excerpt":{"rendered":"<p>Szanowni Pa\u0144stwo, Nasza firma, dzia\u0142aj\u0105ca pr\u0119\u017cnie na rynku od 2015 roku, specjalizuje si\u0119 w projektowaniu i konstruowaniu maszyn oraz urz\u0105dze\u0144. Od ponad dekady \u015bwiadczymy kompleksowe us\u0142ugi obejmuj\u0105ce: W naszym portfolio znajduj\u0105 si\u0119 szerokie grupy produkt\u00f3w i rozwi\u0105za\u0144 bran\u017cowych, w tym: Ka\u017cdy projekt traktujemy indywidualnie, dostosowuj\u0105c rozwi\u0105zania do specyficznych potrzeb naszych klient\u00f3w. Nasza elastyczno\u015b\u0107 pozwala nie&hellip;&nbsp;<a href=\"https:\/\/geotekton.com\/?page_id=2\" rel=\"bookmark\">Dowiedz si\u0119 wi\u0119cej &raquo;<span class=\"screen-reader-text\">Czym si\u0119 zajmujemy<\/span><\/a><\/p>\n","protected":false},"author":1,"featured_media":0,"parent":0,"menu_order":0,"comment_status":"closed","ping_status":"open","template":"","meta":{"neve_meta_sidebar":"","neve_meta_container":"","neve_meta_enable_content_width":"","neve_meta_content_width":0,"neve_meta_title_alignment":"","neve_meta_author_avatar":"","neve_post_elements_order":"","neve_meta_disable_header":"","neve_meta_disable_footer":"","neve_meta_disable_title":"","footnotes":""},"class_list":["post-2","page","type-page","status-publish","hentry"],"yoast_head":"<!-- This site is optimized with the Yoast SEO plugin v26.0 - https:\/\/yoast.com\/wordpress\/plugins\/seo\/ -->\n<title>Czym si\u0119 zajmujemy - GEOTEKTON<\/title>\n<meta name=\"robots\" content=\"index, follow, max-snippet:-1, max-image-preview:large, max-video-preview:-1\" \/>\n<link rel=\"canonical\" href=\"http:\/\/geotekton.com\/?page_id=2\" \/>\n<meta property=\"og:locale\" content=\"pl_PL\" \/>\n<meta property=\"og:type\" content=\"article\" \/>\n<meta property=\"og:title\" content=\"Czym si\u0119 zajmujemy - GEOTEKTON\" \/>\n<meta property=\"og:description\" content=\"Szanowni Pa\u0144stwo, Nasza firma, dzia\u0142aj\u0105ca pr\u0119\u017cnie na rynku od 2015 roku, specjalizuje si\u0119 w projektowaniu i konstruowaniu maszyn oraz urz\u0105dze\u0144. Od ponad dekady \u015bwiadczymy kompleksowe us\u0142ugi obejmuj\u0105ce: W naszym portfolio znajduj\u0105 si\u0119 szerokie grupy produkt\u00f3w i rozwi\u0105za\u0144 bran\u017cowych, w tym: Ka\u017cdy projekt traktujemy indywidualnie, dostosowuj\u0105c rozwi\u0105zania do specyficznych potrzeb naszych klient\u00f3w. Nasza elastyczno\u015b\u0107 pozwala nie&hellip;&nbsp;Dowiedz si\u0119 wi\u0119cej &raquo;Czym si\u0119 zajmujemy\" \/>\n<meta property=\"og:url\" content=\"http:\/\/geotekton.com\/?page_id=2\" \/>\n<meta property=\"og:site_name\" content=\"GEOTEKTON\" \/>\n<meta property=\"article:modified_time\" content=\"2025-01-21T00:45:31+00:00\" \/>\n<meta name=\"twitter:card\" content=\"summary_large_image\" \/>\n<meta name=\"twitter:label1\" content=\"Szacowany czas czytania\" \/>\n\t<meta name=\"twitter:data1\" content=\"2 minuty\" \/>\n<script type=\"application\/ld+json\" class=\"yoast-schema-graph\">{\"@context\":\"https:\/\/schema.org\",\"@graph\":[{\"@type\":\"WebPage\",\"@id\":\"http:\/\/geotekton.com\/?page_id=2\",\"url\":\"http:\/\/geotekton.com\/?page_id=2\",\"name\":\"Czym si\u0119 zajmujemy - GEOTEKTON\",\"isPartOf\":{\"@id\":\"https:\/\/geotekton.com\/#website\"},\"datePublished\":\"2021-11-30T14:21:07+00:00\",\"dateModified\":\"2025-01-21T00:45:31+00:00\",\"breadcrumb\":{\"@id\":\"http:\/\/geotekton.com\/?page_id=2#breadcrumb\"},\"inLanguage\":\"pl-PL\",\"potentialAction\":[{\"@type\":\"ReadAction\",\"target\":[\"http:\/\/geotekton.com\/?page_id=2\"]}]},{\"@type\":\"BreadcrumbList\",\"@id\":\"http:\/\/geotekton.com\/?page_id=2#breadcrumb\",\"itemListElement\":[{\"@type\":\"ListItem\",\"position\":1,\"name\":\"Home\",\"item\":\"http:\/\/geotekton.com\/\"},{\"@type\":\"ListItem\",\"position\":2,\"name\":\"Czym si\u0119 zajmujemy\"}]},{\"@type\":\"WebSite\",\"@id\":\"https:\/\/geotekton.com\/#website\",\"url\":\"https:\/\/geotekton.com\/\",\"name\":\"GEOTEKTON\",\"description\":\"\",\"publisher\":{\"@id\":\"https:\/\/geotekton.com\/#organization\"},\"potentialAction\":[{\"@type\":\"SearchAction\",\"target\":{\"@type\":\"EntryPoint\",\"urlTemplate\":\"https:\/\/geotekton.com\/?s={search_term_string}\"},\"query-input\":{\"@type\":\"PropertyValueSpecification\",\"valueRequired\":true,\"valueName\":\"search_term_string\"}}],\"inLanguage\":\"pl-PL\"},{\"@type\":\"Organization\",\"@id\":\"https:\/\/geotekton.com\/#organization\",\"name\":\"GEOTEKTON\",\"url\":\"https:\/\/geotekton.com\/\",\"logo\":{\"@type\":\"ImageObject\",\"inLanguage\":\"pl-PL\",\"@id\":\"https:\/\/geotekton.com\/#\/schema\/logo\/image\/\",\"url\":\"https:\/\/geotekton.com\/wp-content\/uploads\/2021\/12\/Geotekton_LOGO_2.jpg\",\"contentUrl\":\"https:\/\/geotekton.com\/wp-content\/uploads\/2021\/12\/Geotekton_LOGO_2.jpg\",\"width\":1465,\"height\":777,\"caption\":\"GEOTEKTON\"},\"image\":{\"@id\":\"https:\/\/geotekton.com\/#\/schema\/logo\/image\/\"}}]}<\/script>\n<!-- \/ Yoast SEO plugin. -->","yoast_head_json":{"title":"Czym si\u0119 zajmujemy - GEOTEKTON","robots":{"index":"index","follow":"follow","max-snippet":"max-snippet:-1","max-image-preview":"max-image-preview:large","max-video-preview":"max-video-preview:-1"},"canonical":"http:\/\/geotekton.com\/?page_id=2","og_locale":"pl_PL","og_type":"article","og_title":"Czym si\u0119 zajmujemy - GEOTEKTON","og_description":"Szanowni Pa\u0144stwo, Nasza firma, dzia\u0142aj\u0105ca pr\u0119\u017cnie na rynku od 2015 roku, specjalizuje si\u0119 w projektowaniu i konstruowaniu maszyn oraz urz\u0105dze\u0144. Od ponad dekady \u015bwiadczymy kompleksowe us\u0142ugi obejmuj\u0105ce: W naszym portfolio znajduj\u0105 si\u0119 szerokie grupy produkt\u00f3w i rozwi\u0105za\u0144 bran\u017cowych, w tym: Ka\u017cdy projekt traktujemy indywidualnie, dostosowuj\u0105c rozwi\u0105zania do specyficznych potrzeb naszych klient\u00f3w. Nasza elastyczno\u015b\u0107 pozwala nie&hellip;&nbsp;Dowiedz si\u0119 wi\u0119cej &raquo;Czym si\u0119 zajmujemy","og_url":"http:\/\/geotekton.com\/?page_id=2","og_site_name":"GEOTEKTON","article_modified_time":"2025-01-21T00:45:31+00:00","twitter_card":"summary_large_image","twitter_misc":{"Szacowany czas czytania":"2 minuty"},"schema":{"@context":"https:\/\/schema.org","@graph":[{"@type":"WebPage","@id":"http:\/\/geotekton.com\/?page_id=2","url":"http:\/\/geotekton.com\/?page_id=2","name":"Czym si\u0119 zajmujemy - GEOTEKTON","isPartOf":{"@id":"https:\/\/geotekton.com\/#website"},"datePublished":"2021-11-30T14:21:07+00:00","dateModified":"2025-01-21T00:45:31+00:00","breadcrumb":{"@id":"http:\/\/geotekton.com\/?page_id=2#breadcrumb"},"inLanguage":"pl-PL","potentialAction":[{"@type":"ReadAction","target":["http:\/\/geotekton.com\/?page_id=2"]}]},{"@type":"BreadcrumbList","@id":"http:\/\/geotekton.com\/?page_id=2#breadcrumb","itemListElement":[{"@type":"ListItem","position":1,"name":"Home","item":"http:\/\/geotekton.com\/"},{"@type":"ListItem","position":2,"name":"Czym si\u0119 zajmujemy"}]},{"@type":"WebSite","@id":"https:\/\/geotekton.com\/#website","url":"https:\/\/geotekton.com\/","name":"GEOTEKTON","description":"","publisher":{"@id":"https:\/\/geotekton.com\/#organization"},"potentialAction":[{"@type":"SearchAction","target":{"@type":"EntryPoint","urlTemplate":"https:\/\/geotekton.com\/?s={search_term_string}"},"query-input":{"@type":"PropertyValueSpecification","valueRequired":true,"valueName":"search_term_string"}}],"inLanguage":"pl-PL"},{"@type":"Organization","@id":"https:\/\/geotekton.com\/#organization","name":"GEOTEKTON","url":"https:\/\/geotekton.com\/","logo":{"@type":"ImageObject","inLanguage":"pl-PL","@id":"https:\/\/geotekton.com\/#\/schema\/logo\/image\/","url":"https:\/\/geotekton.com\/wp-content\/uploads\/2021\/12\/Geotekton_LOGO_2.jpg","contentUrl":"https:\/\/geotekton.com\/wp-content\/uploads\/2021\/12\/Geotekton_LOGO_2.jpg","width":1465,"height":777,"caption":"GEOTEKTON"},"image":{"@id":"https:\/\/geotekton.com\/#\/schema\/logo\/image\/"}}]}},"_links":{"self":[{"href":"https:\/\/geotekton.com\/index.php?rest_route=\/wp\/v2\/pages\/2","targetHints":{"allow":["GET"]}}],"collection":[{"href":"https:\/\/geotekton.com\/index.php?rest_route=\/wp\/v2\/pages"}],"about":[{"href":"https:\/\/geotekton.com\/index.php?rest_route=\/wp\/v2\/types\/page"}],"author":[{"embeddable":true,"href":"https:\/\/geotekton.com\/index.php?rest_route=\/wp\/v2\/users\/1"}],"replies":[{"embeddable":true,"href":"https:\/\/geotekton.com\/index.php?rest_route=%2Fwp%2Fv2%2Fcomments&post=2"}],"version-history":[{"count":1,"href":"https:\/\/geotekton.com\/index.php?rest_route=\/wp\/v2\/pages\/2\/revisions"}],"predecessor-version":[{"id":106,"href":"https:\/\/geotekton.com\/index.php?rest_route=\/wp\/v2\/pages\/2\/revisions\/106"}],"wp:attachment":[{"href":"https:\/\/geotekton.com\/index.php?rest_route=%2Fwp%2Fv2%2Fmedia&parent=2"}],"curies":[{"name":"wp","href":"https:\/\/api.w.org\/{rel}","templated":true}]}}