{"id":72,"date":"2022-05-27T11:23:25","date_gmt":"2022-05-27T09:23:25","guid":{"rendered":"http:\/\/geotekton.com\/?page_id=72"},"modified":"2025-03-26T00:37:24","modified_gmt":"2025-03-25T23:37:24","slug":"72-2","status":"publish","type":"page","link":"https:\/\/geotekton.com\/","title":{"rendered":""},"content":{"rendered":"\n<div class=\"wp-block-media-text is-stacked-on-mobile is-vertically-aligned-center\"><figure class=\"wp-block-media-text__media\"><img decoding=\"async\" src=\"https:\/\/s.w.org\/images\/core\/5.8\/architecture-04.jpg\" alt=\"Zbli\u017cenie, abstrakcyjny widok na architektur\u0119.\"\/><\/figure><div class=\"wp-block-media-text__content\">\n<h2 class=\"wp-block-heading has-text-align-center\"><mark style=\"background-color:rgba(0, 0, 0, 0)\" class=\"has-inline-color has-neve-link-hover-color-color\">GEO<\/mark><mark style=\"background-color:rgba(0, 0, 0, 0);color:#999999\" class=\"has-inline-color\">TEK<\/mark>TON<br>Sp z o.o.<\/h2>\n\n\n\n<h3 class=\"wp-block-heading has-text-align-center has-text-color\" style=\"color:#000000\"><strong><strong>OPINIE, ANALIZY,&nbsp;&nbsp;&nbsp; EKSPERTYZY, DORADZTWO<\/strong><\/strong><\/h3>\n<\/div><\/div>\n\n\n\n<hr class=\"wp-block-separator has-text-color has-neve-link-hover-color-color has-alpha-channel-opacity has-neve-link-hover-color-background-color has-background is-style-default\"\/>\n\n\n\n<p><strong>Sporz\u0105dzamy profesjonalne opracowania w zakresie obejmuj\u0105cym:<\/strong><\/p>\n\n\n\n<ul class=\"wp-block-list\">\n<li><strong>Ochron\u0119 \u015brodowiska\u00a0 &#8211;\u00a0 raporty o oddzia\u0142ywaniu na \u015brodowisko; analizy w zakresie zanieczyszczenia powietrza, ska\u017cenia w\u00f3d p\u0142yn\u0105cych i stoj\u0105cych, ska\u017cenia gleby, zanieczyszczenia odpadami;<\/strong><\/li>\n\n\n\n<li><strong>Oddzia\u0142ywanie eksploatacji podziemnej na powierzchni\u0119, obiekty budowlane i infrastruktur\u0119 liniow\u0105; okre\u015blenie zwi\u0105zku przyczynowo &#8211; skutkowego powstania szk\u00f3d g\u00f3rniczych, deformacji ci\u0105g\u0142ych i nieci\u0105g\u0142ych, drga\u0144 wywo\u0142anych wstrz\u0105sami g\u00f3rniczymi,<\/strong><\/li>\n\n\n\n<li><strong>Zmiany stosunk\u00f3w wodnych.<\/strong><\/li>\n<\/ul>\n\n\n\n<p><strong>Posiadamy stosown\u0105 wiedz\u0119 i do\u015bwiadczenie potwierdzone studiami podyplomowymi, prac\u0105 w instytutach naukowych, przedsi\u0119biorstwach g\u00f3rniczych oraz prac\u0105 dydaktyczn\u0105 w renomowanych Uczelniach w Polsce \u2013 w Akademii G\u00f3rniczo-Hutniczej, Politechnice \u015al\u0105skiej oraz na Uniwersytecie \u015al\u0105skim.<\/strong><\/p>\n\n\n\n<hr class=\"wp-block-separator has-text-color has-alpha-channel-opacity has-background is-style-default\" style=\"background-color:#64646447;color:#64646447\"\/>\n\n\n\n<h2 class=\"wp-block-heading has-text-align-center\">Referencje<\/h2>\n\n\n\n<p>W dorobku posiadamy liczne prace badawcze, opinie, ekspertyzy sporz\u0105dzone dla instytucji pa\u0144stwowych, a tak\u017ce dla firm i os\u00f3b fizycznych.<\/p>\n\n\n\n<p>Dzi\u0119ki interdyscyplinarnej wiedzy w zakresie g\u00f3rnictwa i geologii, ochrony \u015brodowiska i geoin\u017cynierii grunt\u00f3w, jeste\u015bmy gotowi zrealizowa\u0107 zlecenie obejmuj\u0105ce szeroki zakres zagadnie\u0144. Zleceniodawca otrzymuje profesjonalne i kompleksowe opracowanie.<\/p>\n\n\n\n<hr class=\"wp-block-separator has-text-color has-neve-link-hover-color-color has-alpha-channel-opacity has-neve-link-hover-color-background-color has-background is-style-default\"\/>\n\n\n\n<h2 class=\"wp-block-heading has-text-align-center\">Kontakt<\/h2>\n\n\n\n<p class=\"has-text-align-left\"><strong>Zapraszamy do wsp\u00f3\u0142pracy:<\/strong><\/p>\n\n\n\n<p><strong>dr in\u017c. Renata Paty\u0144ska<\/strong><br><strong>Bieg\u0142y s\u0105dowy; Adm. 0161-431\/23<\/strong><br>Ekspert z zakresu g\u00f3rnictwa, geologii,<br>hydrogeologii, sejsmologii,<br>ochrony \u015brodowiska oraz geoin\u017cynierii grunt\u00f3w<br>Mob. +48\u00a0602 291 144<br>E-mail 1: rpatynska@gmail.com<br><br><strong>mgr in\u017c. Tomasz Paty\u0144ski<\/strong><br>Ekspert z zakresu Geotechniki G\u00f3rniczej i Ochrony \u015brodowiska,<br>Koordynator Projektu<br>Mob. +48\u00a0536\u00a0015 668<br>E-mail: biuro@geotekton.com<\/p>\n\n\n\n<p><\/p>\n\n\n\n<p><\/p>\n","protected":false},"excerpt":{"rendered":"<p>GEOTEKTONSp z o.o. OPINIE, ANALIZY,&nbsp;&nbsp;&nbsp; EKSPERTYZY, DORADZTWO Sporz\u0105dzamy profesjonalne opracowania w zakresie obejmuj\u0105cym: Posiadamy stosown\u0105 wiedz\u0119 i do\u015bwiadczenie potwierdzone studiami podyplomowymi, prac\u0105 w instytutach naukowych, przedsi\u0119biorstwach g\u00f3rniczych oraz prac\u0105 dydaktyczn\u0105 w renomowanych Uczelniach w Polsce \u2013 w Akademii G\u00f3rniczo-Hutniczej, Politechnice \u015al\u0105skiej oraz na Uniwersytecie \u015al\u0105skim. Referencje W dorobku posiadamy liczne prace badawcze, opinie, ekspertyzy sporz\u0105dzone&hellip;&nbsp;<a href=\"https:\/\/geotekton.com\/\" rel=\"bookmark\">Dowiedz si\u0119 wi\u0119cej &raquo;<span class=\"screen-reader-text\"><\/span><\/a><\/p>\n","protected":false},"author":1,"featured_media":0,"parent":0,"menu_order":0,"comment_status":"closed","ping_status":"closed","template":"","meta":{"neve_meta_sidebar":"","neve_meta_container":"","neve_meta_enable_content_width":"","neve_meta_content_width":0,"neve_meta_title_alignment":"","neve_meta_author_avatar":"","neve_post_elements_order":"","neve_meta_disable_header":"","neve_meta_disable_footer":"","neve_meta_disable_title":"","footnotes":""},"class_list":["post-72","page","type-page","status-publish","hentry"],"yoast_head":"<!-- This site is optimized with the Yoast SEO plugin v26.0 - https:\/\/yoast.com\/wordpress\/plugins\/seo\/ -->\n<title>- GEOTEKTON<\/title>\n<meta name=\"robots\" content=\"index, follow, max-snippet:-1, max-image-preview:large, max-video-preview:-1\" \/>\n<link rel=\"canonical\" href=\"http:\/\/geotekton.com\/\" \/>\n<meta property=\"og:locale\" content=\"pl_PL\" \/>\n<meta property=\"og:type\" content=\"article\" \/>\n<meta property=\"og:title\" content=\"- GEOTEKTON\" \/>\n<meta property=\"og:description\" content=\"GEOTEKTONSp z o.o. OPINIE, ANALIZY,&nbsp;&nbsp;&nbsp; EKSPERTYZY, DORADZTWO Sporz\u0105dzamy profesjonalne opracowania w zakresie obejmuj\u0105cym: Posiadamy stosown\u0105 wiedz\u0119 i do\u015bwiadczenie potwierdzone studiami podyplomowymi, prac\u0105 w instytutach naukowych, przedsi\u0119biorstwach g\u00f3rniczych oraz prac\u0105 dydaktyczn\u0105 w renomowanych Uczelniach w Polsce \u2013 w Akademii G\u00f3rniczo-Hutniczej, Politechnice \u015al\u0105skiej oraz na Uniwersytecie \u015al\u0105skim. Referencje W dorobku posiadamy liczne prace badawcze, opinie, ekspertyzy sporz\u0105dzone&hellip;&nbsp;Dowiedz si\u0119 wi\u0119cej &raquo;\" \/>\n<meta property=\"og:url\" content=\"http:\/\/geotekton.com\/\" \/>\n<meta property=\"og:site_name\" content=\"GEOTEKTON\" \/>\n<meta property=\"article:modified_time\" content=\"2025-03-25T23:37:24+00:00\" \/>\n<meta property=\"og:image\" content=\"https:\/\/s.w.org\/images\/core\/5.8\/architecture-04.jpg\" \/>\n<meta name=\"twitter:card\" content=\"summary_large_image\" \/>\n<meta name=\"twitter:label1\" content=\"Szacowany czas czytania\" \/>\n\t<meta name=\"twitter:data1\" content=\"2 minuty\" \/>\n<script type=\"application\/ld+json\" class=\"yoast-schema-graph\">{\"@context\":\"https:\/\/schema.org\",\"@graph\":[{\"@type\":\"WebPage\",\"@id\":\"http:\/\/geotekton.com\/\",\"url\":\"http:\/\/geotekton.com\/\",\"name\":\"- GEOTEKTON\",\"isPartOf\":{\"@id\":\"https:\/\/geotekton.com\/#website\"},\"primaryImageOfPage\":{\"@id\":\"http:\/\/geotekton.com\/#primaryimage\"},\"image\":{\"@id\":\"http:\/\/geotekton.com\/#primaryimage\"},\"thumbnailUrl\":\"https:\/\/s.w.org\/images\/core\/5.8\/architecture-04.jpg\",\"datePublished\":\"2022-05-27T09:23:25+00:00\",\"dateModified\":\"2025-03-25T23:37:24+00:00\",\"inLanguage\":\"pl-PL\",\"potentialAction\":[{\"@type\":\"ReadAction\",\"target\":[\"http:\/\/geotekton.com\/\"]}]},{\"@type\":\"ImageObject\",\"inLanguage\":\"pl-PL\",\"@id\":\"http:\/\/geotekton.com\/#primaryimage\",\"url\":\"https:\/\/s.w.org\/images\/core\/5.8\/architecture-04.jpg\",\"contentUrl\":\"https:\/\/s.w.org\/images\/core\/5.8\/architecture-04.jpg\"},{\"@type\":\"WebSite\",\"@id\":\"https:\/\/geotekton.com\/#website\",\"url\":\"https:\/\/geotekton.com\/\",\"name\":\"GEOTEKTON\",\"description\":\"\",\"publisher\":{\"@id\":\"https:\/\/geotekton.com\/#organization\"},\"potentialAction\":[{\"@type\":\"SearchAction\",\"target\":{\"@type\":\"EntryPoint\",\"urlTemplate\":\"https:\/\/geotekton.com\/?s={search_term_string}\"},\"query-input\":{\"@type\":\"PropertyValueSpecification\",\"valueRequired\":true,\"valueName\":\"search_term_string\"}}],\"inLanguage\":\"pl-PL\"},{\"@type\":\"Organization\",\"@id\":\"https:\/\/geotekton.com\/#organization\",\"name\":\"GEOTEKTON\",\"url\":\"https:\/\/geotekton.com\/\",\"logo\":{\"@type\":\"ImageObject\",\"inLanguage\":\"pl-PL\",\"@id\":\"https:\/\/geotekton.com\/#\/schema\/logo\/image\/\",\"url\":\"https:\/\/geotekton.com\/wp-content\/uploads\/2021\/12\/Geotekton_LOGO_2.jpg\",\"contentUrl\":\"https:\/\/geotekton.com\/wp-content\/uploads\/2021\/12\/Geotekton_LOGO_2.jpg\",\"width\":1465,\"height\":777,\"caption\":\"GEOTEKTON\"},\"image\":{\"@id\":\"https:\/\/geotekton.com\/#\/schema\/logo\/image\/\"}}]}<\/script>\n<!-- \/ Yoast SEO plugin. -->","yoast_head_json":{"title":"- GEOTEKTON","robots":{"index":"index","follow":"follow","max-snippet":"max-snippet:-1","max-image-preview":"max-image-preview:large","max-video-preview":"max-video-preview:-1"},"canonical":"http:\/\/geotekton.com\/","og_locale":"pl_PL","og_type":"article","og_title":"- GEOTEKTON","og_description":"GEOTEKTONSp z o.o. OPINIE, ANALIZY,&nbsp;&nbsp;&nbsp; EKSPERTYZY, DORADZTWO Sporz\u0105dzamy profesjonalne opracowania w zakresie obejmuj\u0105cym: Posiadamy stosown\u0105 wiedz\u0119 i do\u015bwiadczenie potwierdzone studiami podyplomowymi, prac\u0105 w instytutach naukowych, przedsi\u0119biorstwach g\u00f3rniczych oraz prac\u0105 dydaktyczn\u0105 w renomowanych Uczelniach w Polsce \u2013 w Akademii G\u00f3rniczo-Hutniczej, Politechnice \u015al\u0105skiej oraz na Uniwersytecie \u015al\u0105skim. Referencje W dorobku posiadamy liczne prace badawcze, opinie, ekspertyzy sporz\u0105dzone&hellip;&nbsp;Dowiedz si\u0119 wi\u0119cej &raquo;","og_url":"http:\/\/geotekton.com\/","og_site_name":"GEOTEKTON","article_modified_time":"2025-03-25T23:37:24+00:00","og_image":[{"url":"https:\/\/s.w.org\/images\/core\/5.8\/architecture-04.jpg","type":"","width":"","height":""}],"twitter_card":"summary_large_image","twitter_misc":{"Szacowany czas czytania":"2 minuty"},"schema":{"@context":"https:\/\/schema.org","@graph":[{"@type":"WebPage","@id":"http:\/\/geotekton.com\/","url":"http:\/\/geotekton.com\/","name":"- GEOTEKTON","isPartOf":{"@id":"https:\/\/geotekton.com\/#website"},"primaryImageOfPage":{"@id":"http:\/\/geotekton.com\/#primaryimage"},"image":{"@id":"http:\/\/geotekton.com\/#primaryimage"},"thumbnailUrl":"https:\/\/s.w.org\/images\/core\/5.8\/architecture-04.jpg","datePublished":"2022-05-27T09:23:25+00:00","dateModified":"2025-03-25T23:37:24+00:00","inLanguage":"pl-PL","potentialAction":[{"@type":"ReadAction","target":["http:\/\/geotekton.com\/"]}]},{"@type":"ImageObject","inLanguage":"pl-PL","@id":"http:\/\/geotekton.com\/#primaryimage","url":"https:\/\/s.w.org\/images\/core\/5.8\/architecture-04.jpg","contentUrl":"https:\/\/s.w.org\/images\/core\/5.8\/architecture-04.jpg"},{"@type":"WebSite","@id":"https:\/\/geotekton.com\/#website","url":"https:\/\/geotekton.com\/","name":"GEOTEKTON","description":"","publisher":{"@id":"https:\/\/geotekton.com\/#organization"},"potentialAction":[{"@type":"SearchAction","target":{"@type":"EntryPoint","urlTemplate":"https:\/\/geotekton.com\/?s={search_term_string}"},"query-input":{"@type":"PropertyValueSpecification","valueRequired":true,"valueName":"search_term_string"}}],"inLanguage":"pl-PL"},{"@type":"Organization","@id":"https:\/\/geotekton.com\/#organization","name":"GEOTEKTON","url":"https:\/\/geotekton.com\/","logo":{"@type":"ImageObject","inLanguage":"pl-PL","@id":"https:\/\/geotekton.com\/#\/schema\/logo\/image\/","url":"https:\/\/geotekton.com\/wp-content\/uploads\/2021\/12\/Geotekton_LOGO_2.jpg","contentUrl":"https:\/\/geotekton.com\/wp-content\/uploads\/2021\/12\/Geotekton_LOGO_2.jpg","width":1465,"height":777,"caption":"GEOTEKTON"},"image":{"@id":"https:\/\/geotekton.com\/#\/schema\/logo\/image\/"}}]}},"_links":{"self":[{"href":"https:\/\/geotekton.com\/index.php?rest_route=\/wp\/v2\/pages\/72","targetHints":{"allow":["GET"]}}],"collection":[{"href":"https:\/\/geotekton.com\/index.php?rest_route=\/wp\/v2\/pages"}],"about":[{"href":"https:\/\/geotekton.com\/index.php?rest_route=\/wp\/v2\/types\/page"}],"author":[{"embeddable":true,"href":"https:\/\/geotekton.com\/index.php?rest_route=\/wp\/v2\/users\/1"}],"replies":[{"embeddable":true,"href":"https:\/\/geotekton.com\/index.php?rest_route=%2Fwp%2Fv2%2Fcomments&post=72"}],"version-history":[{"count":10,"href":"https:\/\/geotekton.com\/index.php?rest_route=\/wp\/v2\/pages\/72\/revisions"}],"predecessor-version":[{"id":111,"href":"https:\/\/geotekton.com\/index.php?rest_route=\/wp\/v2\/pages\/72\/revisions\/111"}],"wp:attachment":[{"href":"https:\/\/geotekton.com\/index.php?rest_route=%2Fwp%2Fv2%2Fmedia&parent=72"}],"curies":[{"name":"wp","href":"https:\/\/api.w.org\/{rel}","templated":true}]}}